{"id":11478,"date":"2024-02-05T10:23:05","date_gmt":"2024-02-05T09:23:05","guid":{"rendered":"https:\/\/filadelfia.dk\/?page_id=11478"},"modified":"2026-02-16T15:14:49","modified_gmt":"2026-02-16T14:14:49","slug":"hospital-education","status":"publish","type":"page","link":"https:\/\/filadelfia.dk\/en\/hospital-education\/","title":{"rendered":"Hospital Education"},"content":{"rendered":"\n<section class=\"wp-block-fil-sub-cover mt-sub-cover mt-sub-cover--has-pattern is-style-light\"><div class=\"page-container mt-sub-cover__inner\"><div class=\"mt-sub-cover__image-container object-fit\"><div class=\"mt-sub-cover__image-wrapper\"><img decoding=\"async\" src=\"https:\/\/filadelfia.dk\/wp-content\/uploads\/2024\/02\/Filadelfia_Elev_skoletilbudvedindlaeggelse_dreng_2022.jpg\" alt=\"\"\/><\/div><\/div><div class=\"mt-sub-cover__text-container\"><p class=\"mt-sub-cover__tagline tagline\">Hospital Education<\/p><h1 class=\"mt-sub-cover__title\">Education for hospitalized children<\/h1><div class=\"mt-sub-cover__wysiwyg wysiwyg\">\n<p>We teach hospitalized children and adolescents with epilepsy and participate in the assessment of patients with cognitive and psychosocial difficulties.<\/p>\n\n\n\n<div class=\"wp-block-buttons is-horizontal is-content-justification-left is-layout-flex wp-container-core-buttons-is-layout-7e5fce0a wp-block-buttons-is-layout-flex\">\n<div class=\"wp-block-button button-icon--left is-style-primary download-icon button-icon button-icon--left\" id=\"\"><a class=\"wp-block-button__link wp-element-button\" href=\"https:\/\/issuu.com\/filadelfiahospital\/docs\/filadelfia_ydelseskatalog_2026_197e9b1b12fb11?fr=sNWVhMzg0MTg3NDA\" target=\"_blank\" rel=\"noreferrer noopener\">Service catalogue 2026 (in danish)<span class=\"sr-only\"> (Download)<\/span><\/a><\/div>\n<\/div>\n\n\n\n<div class=\"wp-block-buttons is-horizontal is-content-justification-left is-layout-flex wp-container-core-buttons-is-layout-7e5fce0a wp-block-buttons-is-layout-flex\">\n<div class=\"wp-block-button button-icon--left is-style-primary-outline phone-icon no-arrow button-icon button-iconu002du002dleft\" id=\"\"><a class=\"wp-block-button__link wp-element-button\" href=\"tel:+4558271230\">5827 1230<span class=\"sr-only\"> (Ring)<\/span><\/a><\/div>\n\n\n\n<div class=\"wp-block-button button-icon--left is-style-primary-outline mail-icon button-icon button-iconu002du002dleft\" id=\"\"><a class=\"wp-block-button__link wp-element-button\" href=\"mailto:boerne-sikker@filadelfia.dk\">boerne-sikker@filadelfia.dk<span class=\"sr-only\"> (Mail)<\/span><\/a><\/div>\n<\/div>\n<\/div><\/div><\/div><\/section>\n\n\n\n<section class=\"wp-block-fil-kpi-line mt-kpi-line is-style-light  mtSpacing-bottom-medium mtSpacing-top-medium\"><div class=\"page-container swiper\"><div class=\"mt-kpi-line__wrapper swiper-wrapper\">\n<div class=\"wp-block-fil-kpi mt-kpi swiper-slide\"><p class=\"mt-kpi__title\">Hospital Education Since<\/p><div class=\"mt-kpi__kpi-wrap\"><p class=\"mt-kpi__kpi\">1955<\/p><\/div><\/div>\n\n\n\n<div class=\"wp-block-fil-kpi mt-kpi swiper-slide\"><p class=\"mt-kpi__title\">Annual Assessment Students<\/p><div class=\"mt-kpi__kpi-wrap\"><p class=\"mt-kpi__kpi\">110<\/p><\/div><\/div>\n\n\n\n<div class=\"wp-block-fil-kpi mt-kpi swiper-slide\"><p class=\"mt-kpi__title\">Annual Students in Hospital Education<\/p><div class=\"mt-kpi__kpi-wrap\"><p class=\"mt-kpi__kpi\">800<\/p><\/div><\/div>\n<\/div><\/div><\/section>\n\n\n\n<section class=\"wp-block-fil-text-image mt-text-image mt-text-image--left-aligned is-style-white  mtSpacing-top-medium mtSpacing-bottom-medium\"><div class=\"page-container mt-text-image__inner\"><div class=\"mt-text-image__image-container object-fit\"><img decoding=\"async\" src=\"https:\/\/filadelfia.dk\/wp-content\/uploads\/2024\/01\/Filadelfia_skoletilbud_heldagsskole_eleverhopperudenfor_2023.jpg\" alt=\"\"\/><\/div><div class=\"mt-text-image__text-container\"><p class=\"mt-text-image__tagline tagline\">Hospital Education<\/p><h2 class=\"mt-text-image__title\">We teach 800 students annually<\/h2><div class=\"mt-text-image__wysiwyg wysiwyg\">\n<h2 class=\"wp-block-heading\">We plan hospital education in collaboration with the student&#8217;s home school and parents.<\/h2>\n\n\n\n<p>We tailor the hospital education to align with the treatment at the Epilepsy Hospital. B\u00f8rneskolen contacts the home school to obtain information about teaching materials. This ensures that the student does not fall behind in their education. The hospital education takes place in the patient&#8217;s room at the Epilepsy Hospital.<\/p>\n\n\n\n<p>When the student is discharged, B\u00f8rneskolen writes a report that we send to the home school. In this report, we also provide recommendations for the student&#8217;s education at their home school.<\/p>\n<\/div><\/div><\/div><\/section>\n\n\n\n<section class=\"wp-block-fil-text-image mt-text-image mtSpacing-top-medium mtSpacing-bottom-medium is-style-light\"><div class=\"page-container mt-text-image__inner\"><div class=\"mt-text-image__image-container object-fit\"><img decoding=\"async\" src=\"https:\/\/filadelfia.dk\/wp-content\/uploads\/2024\/05\/Filadelfia_sygeundervisning_vedcomputer_2024.jpg\" alt=\"\"\/><\/div><div class=\"mt-text-image__text-container\"><p class=\"mt-text-image__tagline tagline\">School Services during Assessment<\/p><h2 class=\"mt-text-image__title\">We assess 110 patients annually<\/h2><div class=\"mt-text-image__wysiwyg wysiwyg\">\n<h2 class=\"wp-block-heading\">We collaborate with the Epilepsy Hospital on patient assessments<\/h2>\n\n\n\n<p>As a patient, you participate in B\u00f8rneskolen&#8217;s classes. Therefore, it is important to bring your own educational tools and sportswear.<\/p>\n\n\n\n<p>Based on academic tests, we provide tools and recommendations to help manage schoolwork and address the individual challenges caused by epilepsy. The goal is to clarify the challenges posed by epilepsy and provide strategies for coping with everyday life when you return home. The assessment is individually tailored, and staff observations form the basis of a final report. The assessment is carried out in collaboration with neuropsychologists, nurses, and school staff.<\/p>\n<\/div><\/div><\/div><\/section>\n\n\n\n<section class=\"wp-block-fil-faq mt-faq mtSpacing-top-medium mtSpacing-bottom-small is-style-white\"><div class=\"mt-faq__inner page-container\"><div class=\"mt-faq__text-container\"><p class=\"mt-faq__tagline tagline\">Hospital Education<\/p><h2 class=\"mt-faq__title\">We have peace and space for deeper learning<\/h2><p class=\"mt-faq__text wysiwyg\">We create time for in-depth study and quality time with skilled teachers and educators. Both students and parents may have many questions about the school\u2014we have compiled some of them here.<\/p><\/div><div class=\"mt-faq__faqs-wrapper\">\n<div class=\"wp-block-fil-faqitem mt-faq-item slide-toggle-wrapper\" data-slide-toggle-breakpoint=\"9999\"><button class=\"mt-faq-item__label slide-toggle-button arrow-right-dark\" aria-expanded=\"false\" aria-controls=\"faq-content-5e379db8-62cb-4ffe-9692-83d55b5d9bf5\" id=\"faq-button-5e379db8-62cb-4ffe-9692-83d55b5d9bf5\">What are the teachers&#8217; qualifications?<\/button><div class=\"mt-faq-item__content-wrapper slide-toggle-content\" id=\"faq-content-5e379db8-62cb-4ffe-9692-83d55b5d9bf5\" role=\"region\" aria-labelledby=\"faq-button-5e379db8-62cb-4ffe-9692-83d55b5d9bf5\"><div class=\"mt-faq-item__content wysiwyg\">\n<p>In addition to our regular staff, we also have:<\/p>\n\n\n\n<ul class=\"wp-block-list\">\n<li>Neuropsychologists<\/li>\n\n\n\n<li>Occupational therapists<\/li>\n\n\n\n<li>Speech therapists<\/li>\n\n\n\n<li>Doctors<\/li>\n<\/ul>\n<\/div><\/div><\/div>\n\n\n\n<div class=\"wp-block-fil-faqitem mt-faq-item slide-toggle-wrapper\" data-slide-toggle-breakpoint=\"9999\"><button class=\"mt-faq-item__label slide-toggle-button arrow-right-dark\" aria-expanded=\"false\" aria-controls=\"faq-content-5f10a0e2-0238-4ccd-b3f8-f8f640461b3a\" id=\"faq-button-5f10a0e2-0238-4ccd-b3f8-f8f640461b3a\">What is the structure of the school day?<\/button><div class=\"mt-faq-item__content-wrapper slide-toggle-content\" id=\"faq-content-5f10a0e2-0238-4ccd-b3f8-f8f640461b3a\" role=\"region\" aria-labelledby=\"faq-button-5f10a0e2-0238-4ccd-b3f8-f8f640461b3a\"><div class=\"mt-faq-item__content wysiwyg\">\n<p>The school day begins at 8:30 a.m. The morning consists of three blocks of two lessons each. Between the blocks, there is a 20-minute recess and a 50-minute lunch break, during which students engage in physical activity and play in the schoolyard with various play equipment after eating.<\/p>\n\n\n\n<p>Teachers supervise the recesses, which is an important part of the school&#8217;s observation of each student&#8217;s social skills.<br>The lower and middle grades have activities including:<\/p>\n\n\n\n<ul class=\"wp-block-list\">\n<li>Football<\/li>\n\n\n\n<li>Basketball<\/li>\n\n\n\n<li>Foosball<\/li>\n\n\n\n<li>Table tennis<\/li>\n\n\n\n<li>Moon-cars<\/li>\n<\/ul>\n\n\n\n<p>We also have a sports hall and a fitness center.<\/p>\n\n\n\n<figure class=\"wp-block-image size-large\"><img decoding=\"async\" width=\"1024\" height=\"683\" src=\"https:\/\/filadelfia.dk\/wp-content\/uploads\/2024\/05\/Filadelfia_sygeundervisning_vedcomputer_2024-1024x683.jpg\" alt=\"Foto med dreng ved computer og med h\u00f8rev\u00e6rn ved B\u00f8rneskolen, Filadelfia,\" class=\"wp-image-10627\" srcset=\"https:\/\/filadelfia.dk\/wp-content\/uploads\/2024\/05\/Filadelfia_sygeundervisning_vedcomputer_2024-1024x683.jpg 1024w, https:\/\/filadelfia.dk\/wp-content\/uploads\/2024\/05\/Filadelfia_sygeundervisning_vedcomputer_2024-300x200.jpg 300w, https:\/\/filadelfia.dk\/wp-content\/uploads\/2024\/05\/Filadelfia_sygeundervisning_vedcomputer_2024-768x512.jpg 768w, https:\/\/filadelfia.dk\/wp-content\/uploads\/2024\/05\/Filadelfia_sygeundervisning_vedcomputer_2024-1536x1024.jpg 1536w, https:\/\/filadelfia.dk\/wp-content\/uploads\/2024\/05\/Filadelfia_sygeundervisning_vedcomputer_2024.jpg 1980w\" sizes=\"(max-width: 1024px) 100vw, 1024px\" \/><figcaption class=\"wp-element-caption\">Elev ved computer og med h\u00f8rev\u00e6rn p\u00e5 B\u00f8rneskolen, Filadelfia.<\/figcaption><\/figure>\n<\/div><\/div><\/div>\n\n\n\n<div class=\"wp-block-fil-faqitem mt-faq-item slide-toggle-wrapper\" data-slide-toggle-breakpoint=\"9999\"><button class=\"mt-faq-item__label slide-toggle-button arrow-right-dark\" aria-expanded=\"false\" aria-controls=\"faq-content-29b25fe7-c938-4105-bf59-75c6042900c9\" id=\"faq-button-29b25fe7-c938-4105-bf59-75c6042900c9\">What subjects do we teach?<\/button><div class=\"mt-faq-item__content-wrapper slide-toggle-content\" id=\"faq-content-29b25fe7-c938-4105-bf59-75c6042900c9\" role=\"region\" aria-labelledby=\"faq-button-29b25fe7-c938-4105-bf59-75c6042900c9\"><div class=\"mt-faq-item__content wysiwyg\">\n<p>Students are taught the mandatory subjects of the public school curriculum based on the recommended hours by the Ministry of Children and Education. We teach using materials from both the student&#8217;s home school and B\u00f8rneskolen.<\/p>\n\n\n\n<figure class=\"wp-block-image size-full is-style-default\"><img decoding=\"async\" width=\"760\" height=\"720\" src=\"https:\/\/filadelfia.dk\/wp-content\/uploads\/2023\/09\/Image-129-1.jpg\" alt=\"\" class=\"wp-image-184\" style=\"aspect-ratio:16\/9;object-fit:cover\" srcset=\"https:\/\/filadelfia.dk\/wp-content\/uploads\/2023\/09\/Image-129-1.jpg 760w, https:\/\/filadelfia.dk\/wp-content\/uploads\/2023\/09\/Image-129-1-300x284.jpg 300w\" sizes=\"(max-width: 760px) 100vw, 760px\" \/><\/figure>\n<\/div><\/div><\/div>\n<\/div><\/div><\/section>\n\n\n\n<section class=\"wp-block-fil-contact-section mt-contact-section mt-contact-section--left-aligned mtSpacing-top-medium mtSpacing-bottom-medium is-style-light\"><div class=\"page-container mt-contact-section__inner\"><div class=\"mt-contact-section__image-container object-fit\"><img decoding=\"async\" src=\"https:\/\/filadelfia.dk\/wp-content\/uploads\/2024\/02\/Filadelfia_elev_skoletilbudvedindlaeggelse_skolegaard_2023.jpg\" alt=\"\"\/><\/div><div class=\"mt-contact-section__text-container\"><p class=\"mt-contact-section__tagline tagline\">Hospital Education<\/p><h2 class=\"mt-contact-section__title title\">Get in Touch with B\u00f8rneskolen<\/h2><div class=\"mt-contact-section__form-container wysiwyg\">\n<p><strong>Open Weekdays: 8-15<\/strong><\/p>\n\n\n\n<p>Dr. Sells Vej 23<br>4293 Dianalund<\/p>\n\n\n\n<p><a href=\"Phone: 5827 1232\n\">Phone: <strong>5827 1230<\/strong><br><\/a><a href=\"mailto:boerne-sikker@filadelfia.dk\">Sikker post: <strong>boerne-sikker@filadelfia.dk<\/strong><\/a><\/p>\n\n\n\n<p><em>Use Digital post for sensitive personal information. You can find us under the category: Region Sj\u00e6lland -&gt; Hospitals -&gt; Filadelfia -&gt; Department.<\/em><\/p>\n<\/div><\/div><\/div><\/section>\n","protected":false},"excerpt":{"rendered":"","protected":false},"author":2,"featured_media":0,"parent":0,"menu_order":0,"comment_status":"closed","ping_status":"closed","template":"","meta":{"_acf_changed":false,"footnotes":""},"wf_page_folders":[153],"class_list":["post-11478","page","type-page","status-publish","hentry"],"acf":[],"yoast_head":"<!-- This site is optimized with the Yoast SEO plugin v27.0 - https:\/\/yoast.com\/product\/yoast-seo-wordpress\/ -->\n<title>Hospital Education - Filadelfia<\/title>\n<meta name=\"robots\" content=\"index, follow, max-snippet:-1, max-image-preview:large, max-video-preview:-1\" \/>\n<link rel=\"canonical\" href=\"https:\/\/filadelfia.dk\/en\/hospital-education\/\" \/>\n<meta property=\"og:locale\" content=\"en_US\" \/>\n<meta property=\"og:type\" content=\"article\" \/>\n<meta property=\"og:title\" content=\"Hospital Education - Filadelfia\" \/>\n<meta property=\"og:url\" content=\"https:\/\/filadelfia.dk\/en\/hospital-education\/\" \/>\n<meta property=\"og:site_name\" content=\"Filadelfia\" \/>\n<meta property=\"article:modified_time\" content=\"2026-02-16T14:14:49+00:00\" \/>\n<meta property=\"og:image\" content=\"https:\/\/filadelfia.dk\/wp-content\/uploads\/2024\/02\/Filadelfia_Elev_skoletilbudvedindlaeggelse_dreng_2022.jpg\" \/>\n<meta name=\"twitter:card\" content=\"summary_large_image\" \/>\n<meta name=\"twitter:label1\" content=\"Est. reading time\" \/>\n\t<meta name=\"twitter:data1\" content=\"4 minutes\" \/>\n<script type=\"application\/ld+json\" class=\"yoast-schema-graph\">{\"@context\":\"https:\/\/schema.org\",\"@graph\":[{\"@type\":\"WebPage\",\"@id\":\"https:\/\/filadelfia.dk\/en\/hospital-education\/\",\"url\":\"https:\/\/filadelfia.dk\/en\/hospital-education\/\",\"name\":\"Hospital Education - Filadelfia\",\"isPartOf\":{\"@id\":\"https:\/\/filadelfia.dk\/#website\"},\"primaryImageOfPage\":{\"@id\":\"https:\/\/filadelfia.dk\/en\/hospital-education\/#primaryimage\"},\"image\":{\"@id\":\"https:\/\/filadelfia.dk\/en\/hospital-education\/#primaryimage\"},\"thumbnailUrl\":\"https:\/\/filadelfia.dk\/wp-content\/uploads\/2024\/02\/Filadelfia_Elev_skoletilbudvedindlaeggelse_dreng_2022.jpg\",\"datePublished\":\"2024-02-05T09:23:05+00:00\",\"dateModified\":\"2026-02-16T14:14:49+00:00\",\"breadcrumb\":{\"@id\":\"https:\/\/filadelfia.dk\/en\/hospital-education\/#breadcrumb\"},\"inLanguage\":\"en-US\",\"potentialAction\":[{\"@type\":\"ReadAction\",\"target\":[\"https:\/\/filadelfia.dk\/en\/hospital-education\/\"]}]},{\"@type\":\"ImageObject\",\"inLanguage\":\"en-US\",\"@id\":\"https:\/\/filadelfia.dk\/en\/hospital-education\/#primaryimage\",\"url\":\"https:\/\/filadelfia.dk\/wp-content\/uploads\/2024\/02\/Filadelfia_Elev_skoletilbudvedindlaeggelse_dreng_2022.jpg\",\"contentUrl\":\"https:\/\/filadelfia.dk\/wp-content\/uploads\/2024\/02\/Filadelfia_Elev_skoletilbudvedindlaeggelse_dreng_2022.jpg\"},{\"@type\":\"BreadcrumbList\",\"@id\":\"https:\/\/filadelfia.dk\/en\/hospital-education\/#breadcrumb\",\"itemListElement\":[{\"@type\":\"ListItem\",\"position\":1,\"name\":\"Hjem\",\"item\":\"https:\/\/filadelfia.dk\/en\/\"},{\"@type\":\"ListItem\",\"position\":2,\"name\":\"Hospital Education\"}]},{\"@type\":\"WebSite\",\"@id\":\"https:\/\/filadelfia.dk\/#website\",\"url\":\"https:\/\/filadelfia.dk\/\",\"name\":\"Filadelfia\",\"description\":\"Hospital for epilepsi og rehabilitering ved erhvervet hjerneskade\",\"publisher\":{\"@id\":\"https:\/\/filadelfia.dk\/#organization\"},\"potentialAction\":[{\"@type\":\"SearchAction\",\"target\":{\"@type\":\"EntryPoint\",\"urlTemplate\":\"https:\/\/filadelfia.dk\/?s={search_term_string}\"},\"query-input\":{\"@type\":\"PropertyValueSpecification\",\"valueRequired\":true,\"valueName\":\"search_term_string\"}}],\"inLanguage\":\"en-US\"},{\"@type\":\"Organization\",\"@id\":\"https:\/\/filadelfia.dk\/#organization\",\"name\":\"Filadelfia\",\"url\":\"https:\/\/filadelfia.dk\/\",\"logo\":{\"@type\":\"ImageObject\",\"inLanguage\":\"en-US\",\"@id\":\"https:\/\/filadelfia.dk\/#\/schema\/logo\/image\/\",\"url\":\"https:\/\/filadelfia.dk\/wp-content\/uploads\/2024\/05\/screenshot.png\",\"contentUrl\":\"https:\/\/filadelfia.dk\/wp-content\/uploads\/2024\/05\/screenshot.png\",\"width\":1200,\"height\":900,\"caption\":\"Filadelfia\"},\"image\":{\"@id\":\"https:\/\/filadelfia.dk\/#\/schema\/logo\/image\/\"}}]}<\/script>\n<!-- \/ Yoast SEO plugin. -->","yoast_head_json":{"title":"Hospital Education - Filadelfia","robots":{"index":"index","follow":"follow","max-snippet":"max-snippet:-1","max-image-preview":"max-image-preview:large","max-video-preview":"max-video-preview:-1"},"canonical":"https:\/\/filadelfia.dk\/en\/hospital-education\/","og_locale":"en_US","og_type":"article","og_title":"Hospital Education - Filadelfia","og_url":"https:\/\/filadelfia.dk\/en\/hospital-education\/","og_site_name":"Filadelfia","article_modified_time":"2026-02-16T14:14:49+00:00","og_image":[{"url":"https:\/\/filadelfia.dk\/wp-content\/uploads\/2024\/02\/Filadelfia_Elev_skoletilbudvedindlaeggelse_dreng_2022.jpg","type":"","width":"","height":""}],"twitter_card":"summary_large_image","twitter_misc":{"Est. reading time":"4 minutes"},"schema":{"@context":"https:\/\/schema.org","@graph":[{"@type":"WebPage","@id":"https:\/\/filadelfia.dk\/en\/hospital-education\/","url":"https:\/\/filadelfia.dk\/en\/hospital-education\/","name":"Hospital Education - Filadelfia","isPartOf":{"@id":"https:\/\/filadelfia.dk\/#website"},"primaryImageOfPage":{"@id":"https:\/\/filadelfia.dk\/en\/hospital-education\/#primaryimage"},"image":{"@id":"https:\/\/filadelfia.dk\/en\/hospital-education\/#primaryimage"},"thumbnailUrl":"https:\/\/filadelfia.dk\/wp-content\/uploads\/2024\/02\/Filadelfia_Elev_skoletilbudvedindlaeggelse_dreng_2022.jpg","datePublished":"2024-02-05T09:23:05+00:00","dateModified":"2026-02-16T14:14:49+00:00","breadcrumb":{"@id":"https:\/\/filadelfia.dk\/en\/hospital-education\/#breadcrumb"},"inLanguage":"en-US","potentialAction":[{"@type":"ReadAction","target":["https:\/\/filadelfia.dk\/en\/hospital-education\/"]}]},{"@type":"ImageObject","inLanguage":"en-US","@id":"https:\/\/filadelfia.dk\/en\/hospital-education\/#primaryimage","url":"https:\/\/filadelfia.dk\/wp-content\/uploads\/2024\/02\/Filadelfia_Elev_skoletilbudvedindlaeggelse_dreng_2022.jpg","contentUrl":"https:\/\/filadelfia.dk\/wp-content\/uploads\/2024\/02\/Filadelfia_Elev_skoletilbudvedindlaeggelse_dreng_2022.jpg"},{"@type":"BreadcrumbList","@id":"https:\/\/filadelfia.dk\/en\/hospital-education\/#breadcrumb","itemListElement":[{"@type":"ListItem","position":1,"name":"Hjem","item":"https:\/\/filadelfia.dk\/en\/"},{"@type":"ListItem","position":2,"name":"Hospital Education"}]},{"@type":"WebSite","@id":"https:\/\/filadelfia.dk\/#website","url":"https:\/\/filadelfia.dk\/","name":"Filadelfia","description":"Hospital for epilepsi og rehabilitering ved erhvervet hjerneskade","publisher":{"@id":"https:\/\/filadelfia.dk\/#organization"},"potentialAction":[{"@type":"SearchAction","target":{"@type":"EntryPoint","urlTemplate":"https:\/\/filadelfia.dk\/?s={search_term_string}"},"query-input":{"@type":"PropertyValueSpecification","valueRequired":true,"valueName":"search_term_string"}}],"inLanguage":"en-US"},{"@type":"Organization","@id":"https:\/\/filadelfia.dk\/#organization","name":"Filadelfia","url":"https:\/\/filadelfia.dk\/","logo":{"@type":"ImageObject","inLanguage":"en-US","@id":"https:\/\/filadelfia.dk\/#\/schema\/logo\/image\/","url":"https:\/\/filadelfia.dk\/wp-content\/uploads\/2024\/05\/screenshot.png","contentUrl":"https:\/\/filadelfia.dk\/wp-content\/uploads\/2024\/05\/screenshot.png","width":1200,"height":900,"caption":"Filadelfia"},"image":{"@id":"https:\/\/filadelfia.dk\/#\/schema\/logo\/image\/"}}]}},"_links":{"self":[{"href":"https:\/\/filadelfia.dk\/en\/wp-json\/wp\/v2\/pages\/11478","targetHints":{"allow":["GET"]}}],"collection":[{"href":"https:\/\/filadelfia.dk\/en\/wp-json\/wp\/v2\/pages"}],"about":[{"href":"https:\/\/filadelfia.dk\/en\/wp-json\/wp\/v2\/types\/page"}],"author":[{"embeddable":true,"href":"https:\/\/filadelfia.dk\/en\/wp-json\/wp\/v2\/users\/2"}],"replies":[{"embeddable":true,"href":"https:\/\/filadelfia.dk\/en\/wp-json\/wp\/v2\/comments?post=11478"}],"version-history":[{"count":10,"href":"https:\/\/filadelfia.dk\/en\/wp-json\/wp\/v2\/pages\/11478\/revisions"}],"predecessor-version":[{"id":15441,"href":"https:\/\/filadelfia.dk\/en\/wp-json\/wp\/v2\/pages\/11478\/revisions\/15441"}],"wp:attachment":[{"href":"https:\/\/filadelfia.dk\/en\/wp-json\/wp\/v2\/media?parent=11478"}],"wp:term":[{"taxonomy":"wf_page_folders","embeddable":true,"href":"https:\/\/filadelfia.dk\/en\/wp-json\/wp\/v2\/wf_page_folders?post=11478"}],"curies":[{"name":"wp","href":"https:\/\/api.w.org\/{rel}","templated":true}]}}